{"id":700,"date":"2024-10-07T15:38:22","date_gmt":"2024-10-07T15:38:22","guid":{"rendered":"https:\/\/skyblue-yak-324948.hostingersite.com\/?page_id=700"},"modified":"2024-11-27T23:23:42","modified_gmt":"2024-11-27T23:23:42","slug":"projet-saveurs-of-the-world","status":"publish","type":"page","link":"https:\/\/gamconsulting.fr\/en\/project-saveurs-of-the-world\/","title":{"rendered":"Project saveurs of the world"},"content":{"rendered":"<p>[et_pb_section fb_built=&#8221;1&#8243; admin_label=&#8221;Header&#8221; _builder_version=&#8221;4.27.2&#8243; _module_preset=&#8221;default&#8221; background_color=&#8221;#000000&#8243; background_image=&#8221;https:\/\/skyblue-yak-324948.hostingersite.com\/wp-content\/uploads\/2024\/11\/online-banking-2.png&#8221; custom_margin=&#8221;3vw|3vw|3vw|3vw|true|true&#8221; custom_padding=&#8221;||10vw||false|false&#8221; background_last_edited=&#8221;on|tablet&#8221; background_mask_aspect_ratio_tablet=&#8221;portrait&#8221; border_radii=&#8221;on|1.5vw|1.5vw|1.5vw|1.5vw&#8221; locked=&#8221;off&#8221; collapsed=&#8221;on&#8221; global_colors_info=&#8221;{%22gcid-095f3017-670a-4d45-bbf8-520034f23a92%22:%91%22background_color_gradient_stops%22%93}&#8221;][et_pb_row _builder_version=&#8221;4.21.0&#8243; _module_preset=&#8221;default&#8221; width=&#8221;90%&#8221; max_width=&#8221;800px&#8221; locked=&#8221;off&#8221; global_colors_info=&#8221;{}&#8221;][et_pb_column type=&#8221;4_4&#8243; _builder_version=&#8221;4.21.0&#8243; _module_preset=&#8221;default&#8221; global_colors_info=&#8221;{}&#8221;][et_pb_text _builder_version=&#8221;4.27.2&#8243; _module_preset=&#8221;12ec52e2-d123-4f5e-94c6-d66485ae403f&#8221; header_4_font=&#8221;DM Sans|700||on|||||&#8221; header_4_text_color=&#8221;gcid-095f3017-670a-4d45-bbf8-520034f23a92&#8243; header_4_letter_spacing=&#8221;0.7em&#8221; content_en_us=&#8221;<\/p>\n<h4 style=%22text-align: center;%22>Sports Performance Analysis Agency<\/h4>\n<p>&#8221; global_colors_info=&#8221;{%22gcid-095f3017-670a-4d45-bbf8-520034f23a92%22:%91%22header_4_text_color%22%93}&#8221;]<\/p>\n<h4 style=\"text-align: center;\">Traiteur m\u00e9dit\u00e9rann\u00e9en<\/h4>\n<p>[\/et_pb_text][et_pb_text _builder_version=&#8221;4.27.2&#8243; _module_preset=&#8221;d88ec138-60ce-470d-b388-c5a63cf459ab&#8221; header_font=&#8221;&#8211;et_global_heading_font|700|||||||&#8221; header_text_color=&#8221;#FFFFFF&#8221; text_orientation=&#8221;center&#8221; custom_margin=&#8221;||10px||false|false&#8221; global_colors_info=&#8221;{}&#8221;]<\/p>\n<h1>Saveurs of the world<\/h1>\n<p>[\/et_pb_text][et_pb_text _builder_version=&#8221;4.27.2&#8243; _module_preset=&#8221;6dd72c8b-96ff-4927-aeb5-008ec3f0ea64&#8243; text_text_color=&#8221;#FFFFFF&#8221; text_orientation=&#8221;center&#8221; content_en_us=&#8221;<\/p>\n<p style=%22text-align: center;%22>This project has been an enriching experience that has enabled me to combine skills in e-commerce web development with an understanding of the specific needs of the sports sector.<\/p>\n<p>&#8221; global_colors_info=&#8221;{}&#8221;]<\/p>\n<p>Ce projet m&#8217;a permis de mettre en pratique mes comp\u00e9tences en gestion de projet et d\u00e9veloppement web au service d&#8217;une entreprise cr\u00e9\u00e9e et g\u00e9r\u00e9e par une femme collaborant avec de grandes institutions comme Chanel, Clique ou encore Petit Bateau.<\/p>\n<p>[\/et_pb_text][\/et_pb_column][\/et_pb_row][\/et_pb_section][et_pb_section fb_built=&#8221;1&#8243; admin_label=&#8221;Project&#8221; _builder_version=&#8221;4.21.0&#8243; _module_preset=&#8221;default&#8221; collapsed=&#8221;on&#8221; global_colors_info=&#8221;{}&#8221;][et_pb_row _builder_version=&#8221;4.21.0&#8243; _module_preset=&#8221;default&#8221; global_colors_info=&#8221;{}&#8221;][et_pb_column type=&#8221;4_4&#8243; _builder_version=&#8221;4.21.0&#8243; _module_preset=&#8221;default&#8221; global_colors_info=&#8221;{}&#8221;][et_pb_image src=&#8221;https:\/\/skyblue-yak-324948.hostingersite.com\/wp-content\/uploads\/2024\/11\/11.png&#8221; title_text=&#8221;11&#8243; _builder_version=&#8221;4.27.2&#8243; _module_preset=&#8221;default&#8221; hover_enabled=&#8221;0&#8243; border_radii=&#8221;on|10px|10px|10px|10px&#8221; global_colors_info=&#8221;{}&#8221; sticky_enabled=&#8221;0&#8243;][\/et_pb_image][\/et_pb_column][\/et_pb_row][et_pb_row column_structure=&#8221;2_5,3_5&#8243; _builder_version=&#8221;4.21.0&#8243; _module_preset=&#8221;default&#8221; global_colors_info=&#8221;{}&#8221;][et_pb_column type=&#8221;2_5&#8243; _builder_version=&#8221;4.21.0&#8243; _module_preset=&#8221;default&#8221; global_colors_info=&#8221;{}&#8221;][et_pb_text _builder_version=&#8221;4.27.2&#8243; _module_preset=&#8221;bfdde3e7-200a-498b-8322-85d614ae5fff&#8221; header_2_font=&#8221;DM Sans|700|||||||&#8221; custom_margin=&#8221;||10px||false|false&#8221; content_en_us=&#8221;<\/p>\n<h2>My contributions<\/h2>\n<p>&#8221; global_colors_info=&#8221;{}&#8221;]<\/p>\n<h2>Mes contributions<\/h2>\n<p>[\/et_pb_text][\/et_pb_column][et_pb_column type=&#8221;3_5&#8243; _builder_version=&#8221;4.21.0&#8243; _module_preset=&#8221;default&#8221; global_colors_info=&#8221;{}&#8221;][et_pb_text _builder_version=&#8221;4.27.2&#8243; _module_preset=&#8221;6dd72c8b-96ff-4927-aeb5-008ec3f0ea64&#8243; content_en_us=&#8221;<\/p>\n<p><strong>Saveurs of the World<\/strong> is a creative Moroccan caterer that stands out for its <strong>grazing tables<\/strong> and fusion cuisine, combining tradition and modernity. The objective was to develop an impactful online presence that reflects the uniqueness of their offerings and attracts a diverse customer base.<\/p>\n<p>&#8221; global_colors_info=&#8221;{}&#8221;]<\/p>\n<p><strong>Saveurs of the World<\/strong> est un traiteur cr\u00e9atif marocain qui se distingue par ses <strong>grazing tables<\/strong> et sa cuisine fusion, alliant tradition et modernit\u00e9. L\u2019objectif \u00e9tait de d\u00e9velopper une pr\u00e9sence en ligne impactante qui refl\u00e8te le caract\u00e8re unique de leurs offres et attire une client\u00e8le diversifi\u00e9e.<\/p>\n<p>[\/et_pb_text][\/et_pb_column][\/et_pb_row][et_pb_row _builder_version=&#8221;4.21.0&#8243; _module_preset=&#8221;default&#8221; global_colors_info=&#8221;{}&#8221;][et_pb_column type=&#8221;4_4&#8243; _builder_version=&#8221;4.21.0&#8243; _module_preset=&#8221;default&#8221; global_colors_info=&#8221;{}&#8221;][et_pb_text _builder_version=&#8221;4.27.2&#8243; _module_preset=&#8221;6dd72c8b-96ff-4927-aeb5-008ec3f0ea64&#8243; content_en_us=&#8221;<\/p>\n<p>I designed a site that reflects the elegance and creativity of the catering service, with an emphasis on high-quality visuals of <strong>grazing tables<\/strong> and traditional Moroccan dishes. The site was designed to be visually captivating, with fluid navigation and a responsive design to ensure an optimal user experience on mobile and desktop.<\/p>\n<p>I optimized the site for search engine optimization (SEO), implementing a relevant keyword strategy to attract local and international customers. Interactive sections were also created, such as photo galleries of grazing tables and customer testimonials to reinforce visitor trust and engagement.<\/p>\n<p>&#8221; global_colors_info=&#8221;{}&#8221;]<\/p>\n<p>J&#8217;ai con\u00e7u un site avec un design qui refl\u00e8te l\u2019\u00e9l\u00e9gance et la cr\u00e9ativit\u00e9 du service traiteur, en mettant l&#8217;accent sur des visuels haute qualit\u00e9 des <strong>grazing tables<\/strong> et des plats traditionnels marocains. Le site a \u00e9t\u00e9 pens\u00e9 pour \u00eatre visuellement captivant, avec une navigation fluide et un design responsive pour garantir une exp\u00e9rience utilisateur optimale sur mobile et desktop.<\/p>\n<p>J&#8217;ai optimis\u00e9 le site pour le r\u00e9f\u00e9rencement naturel (SEO) en mettant en place une strat\u00e9gie de mots-cl\u00e9s pertinente pour attirer des clients locaux et internationaux. Des sections interactives ont \u00e9galement \u00e9t\u00e9 cr\u00e9\u00e9es, telles que des galeries de photos de <strong>grazing tables<\/strong> et des t\u00e9moignages clients pour renforcer la confiance et l\u2019engagement des visiteurs.<\/p>\n<p>[\/et_pb_text][\/et_pb_column][\/et_pb_row][\/et_pb_section]<\/p>\n","protected":false},"excerpt":{"rendered":"<p>Traiteur m\u00e9dit\u00e9rann\u00e9enSaveurs of the worldCe projet m&#8217;a permis de mettre en pratique mes comp\u00e9tences en gestion de projet et d\u00e9veloppement web au service d&#8217;une entreprise cr\u00e9\u00e9e et g\u00e9r\u00e9e par une femme collaborant avec de grandes institutions comme Chanel, Clique ou encore Petit Bateau.Mes contributionsSaveurs of the World est un traiteur cr\u00e9atif marocain qui se distingue [&hellip;]<\/p>\n","protected":false},"author":1,"featured_media":0,"parent":0,"menu_order":0,"comment_status":"closed","ping_status":"closed","template":"","meta":{"_et_pb_use_builder":"on","_et_pb_old_content":"","_et_gb_content_width":"","footnotes":""},"class_list":["post-700","page","type-page","status-publish","hentry"],"yoast_head":"<!-- This site is optimized with the Yoast SEO plugin v27.4 - https:\/\/yoast.com\/product\/yoast-seo-wordpress\/ -->\n<title>Project saveurs of the world<\/title>\n<meta name=\"robots\" content=\"index, follow, max-snippet:-1, max-image-preview:large, max-video-preview:-1\" \/>\n<meta property=\"og:locale\" content=\"en_US\" \/>\n<meta property=\"og:type\" content=\"article\" \/>\n<meta property=\"og:title\" content=\"Project saveurs of the world\" \/>\n<meta property=\"og:url\" content=\"https:\/\/gamconsulting.fr\/en\/project-saveurs-of-the-world\/\" \/>\n<meta property=\"og:site_name\" content=\"Consultante digitale\" \/>\n<meta property=\"article:modified_time\" content=\"2024-11-27T23:23:42+00:00\" \/>\n<meta property=\"og:image\" content=\"https:\/\/gamconsulting.fr\/wp-content\/uploads\/2024\/11\/302_1x_shots_so.png\" \/>\n\t<meta property=\"og:image:width\" content=\"1080\" \/>\n\t<meta property=\"og:image:height\" content=\"1080\" \/>\n\t<meta property=\"og:image:type\" content=\"image\/png\" \/>\n<meta name=\"twitter:card\" content=\"summary_large_image\" \/>\n<script type=\"application\/ld+json\" class=\"yoast-schema-graph\">{\"@context\":\"https:\\\/\\\/schema.org\",\"@graph\":[{\"@type\":\"WebPage\",\"@id\":\"https:\\\/\\\/gamconsulting.fr\\\/en\\\/project-saveurs-of-the-world\\\/\",\"url\":\"https:\\\/\\\/gamconsulting.fr\\\/en\\\/project-saveurs-of-the-world\\\/\",\"name\":\"projet saveurs of the world - Consultante digitale\",\"isPartOf\":{\"@id\":\"https:\\\/\\\/gamconsulting.fr\\\/#website\"},\"datePublished\":\"2024-10-07T15:38:22+00:00\",\"dateModified\":\"2024-11-27T23:23:42+00:00\",\"breadcrumb\":{\"@id\":\"https:\\\/\\\/gamconsulting.fr\\\/en\\\/project-saveurs-of-the-world\\\/#breadcrumb\"},\"inLanguage\":\"en-US\",\"potentialAction\":[{\"@type\":\"ReadAction\",\"target\":[\"https:\\\/\\\/gamconsulting.fr\\\/en\\\/project-saveurs-of-the-world\\\/\"]}]},{\"@type\":\"BreadcrumbList\",\"@id\":\"https:\\\/\\\/gamconsulting.fr\\\/en\\\/project-saveurs-of-the-world\\\/#breadcrumb\",\"itemListElement\":[{\"@type\":\"ListItem\",\"position\":1,\"name\":\"Consultante en transformation digitale\",\"item\":\"https:\\\/\\\/gamconsulting.fr\\\/\"},{\"@type\":\"ListItem\",\"position\":2,\"name\":\"Project saveurs of the world\"}]},{\"@type\":\"WebSite\",\"@id\":\"https:\\\/\\\/gamconsulting.fr\\\/en\\\/#website\",\"url\":\"https:\\\/\\\/gamconsulting.fr\\\/en\\\/\",\"name\":\"Consultante Digitale Myriem GRICHE\",\"description\":\"Cr\u00e9ation de site web - SEO - Publicit\u00e9 en ligne - SMM\",\"publisher\":{\"@id\":\"https:\\\/\\\/gamconsulting.fr\\\/en\\\/#\\\/schema\\\/person\\\/70371edf2114e508025497cb3636e02d\"},\"alternateName\":\"Myriem GRICHE\",\"potentialAction\":[{\"@type\":\"SearchAction\",\"target\":{\"@type\":\"EntryPoint\",\"urlTemplate\":\"https:\\\/\\\/gamconsulting.fr\\\/en\\\/?s={search_term_string}\"},\"query-input\":{\"@type\":\"PropertyValueSpecification\",\"valueRequired\":true,\"valueName\":\"search_term_string\"}}],\"inLanguage\":\"en-US\"},{\"@type\":[\"Person\",\"Organization\"],\"@id\":\"https:\\\/\\\/gamconsulting.fr\\\/en\\\/#\\\/schema\\\/person\\\/70371edf2114e508025497cb3636e02d\",\"name\":\"mymy\",\"image\":{\"@type\":\"ImageObject\",\"inLanguage\":\"en-US\",\"@id\":\"https:\\\/\\\/skyblue-yak-324948.hostingersite.com\\\/wp-content\\\/uploads\\\/2024\\\/11\\\/Design-sans-titre-2.png\",\"url\":\"https:\\\/\\\/skyblue-yak-324948.hostingersite.com\\\/wp-content\\\/uploads\\\/2024\\\/11\\\/Design-sans-titre-2.png\",\"contentUrl\":\"https:\\\/\\\/skyblue-yak-324948.hostingersite.com\\\/wp-content\\\/uploads\\\/2024\\\/11\\\/Design-sans-titre-2.png\",\"width\":500,\"height\":600,\"caption\":\"mymy\"},\"logo\":{\"@id\":\"https:\\\/\\\/skyblue-yak-324948.hostingersite.com\\\/wp-content\\\/uploads\\\/2024\\\/11\\\/Design-sans-titre-2.png\"},\"sameAs\":[\"https:\\\/\\\/skyblue-yak-324948.hostingersite.com\"]}]}<\/script>\n<!-- \/ Yoast SEO plugin. -->","yoast_head_json":{"title":"Project saveurs of the world","robots":{"index":"index","follow":"follow","max-snippet":"max-snippet:-1","max-image-preview":"max-image-preview:large","max-video-preview":"max-video-preview:-1"},"og_locale":"en_US","og_type":"article","og_title":"Project saveurs of the world","og_url":"https:\/\/gamconsulting.fr\/en\/project-saveurs-of-the-world\/","og_site_name":"Consultante digitale","article_modified_time":"2024-11-27T23:23:42+00:00","og_image":[{"width":1080,"height":1080,"url":"https:\/\/gamconsulting.fr\/wp-content\/uploads\/2024\/11\/302_1x_shots_so.png","type":"image\/png"}],"twitter_card":"summary_large_image","schema":{"@context":"https:\/\/schema.org","@graph":[{"@type":"WebPage","@id":"https:\/\/gamconsulting.fr\/en\/project-saveurs-of-the-world\/","url":"https:\/\/gamconsulting.fr\/en\/project-saveurs-of-the-world\/","name":"projet saveurs of the world - Consultante digitale","isPartOf":{"@id":"https:\/\/gamconsulting.fr\/#website"},"datePublished":"2024-10-07T15:38:22+00:00","dateModified":"2024-11-27T23:23:42+00:00","breadcrumb":{"@id":"https:\/\/gamconsulting.fr\/en\/project-saveurs-of-the-world\/#breadcrumb"},"inLanguage":"en-US","potentialAction":[{"@type":"ReadAction","target":["https:\/\/gamconsulting.fr\/en\/project-saveurs-of-the-world\/"]}]},{"@type":"BreadcrumbList","@id":"https:\/\/gamconsulting.fr\/en\/project-saveurs-of-the-world\/#breadcrumb","itemListElement":[{"@type":"ListItem","position":1,"name":"Consultante en transformation digitale","item":"https:\/\/gamconsulting.fr\/"},{"@type":"ListItem","position":2,"name":"Project saveurs of the world"}]},{"@type":"WebSite","@id":"https:\/\/gamconsulting.fr\/en\/#website","url":"https:\/\/gamconsulting.fr\/en\/","name":"Consultante Digitale Myriem GRICHE","description":"Cr\u00e9ation de site web - SEO - Publicit\u00e9 en ligne - SMM","publisher":{"@id":"https:\/\/gamconsulting.fr\/en\/#\/schema\/person\/70371edf2114e508025497cb3636e02d"},"alternateName":"Myriem GRICHE","potentialAction":[{"@type":"SearchAction","target":{"@type":"EntryPoint","urlTemplate":"https:\/\/gamconsulting.fr\/en\/?s={search_term_string}"},"query-input":{"@type":"PropertyValueSpecification","valueRequired":true,"valueName":"search_term_string"}}],"inLanguage":"en-US"},{"@type":["Person","Organization"],"@id":"https:\/\/gamconsulting.fr\/en\/#\/schema\/person\/70371edf2114e508025497cb3636e02d","name":"mymy","image":{"@type":"ImageObject","inLanguage":"en-US","@id":"https:\/\/skyblue-yak-324948.hostingersite.com\/wp-content\/uploads\/2024\/11\/Design-sans-titre-2.png","url":"https:\/\/skyblue-yak-324948.hostingersite.com\/wp-content\/uploads\/2024\/11\/Design-sans-titre-2.png","contentUrl":"https:\/\/skyblue-yak-324948.hostingersite.com\/wp-content\/uploads\/2024\/11\/Design-sans-titre-2.png","width":500,"height":600,"caption":"mymy"},"logo":{"@id":"https:\/\/skyblue-yak-324948.hostingersite.com\/wp-content\/uploads\/2024\/11\/Design-sans-titre-2.png"},"sameAs":["https:\/\/skyblue-yak-324948.hostingersite.com"]}]}},"_links":{"self":[{"href":"https:\/\/gamconsulting.fr\/en\/wp-json\/wp\/v2\/pages\/700","targetHints":{"allow":["GET"]}}],"collection":[{"href":"https:\/\/gamconsulting.fr\/en\/wp-json\/wp\/v2\/pages"}],"about":[{"href":"https:\/\/gamconsulting.fr\/en\/wp-json\/wp\/v2\/types\/page"}],"author":[{"embeddable":true,"href":"https:\/\/gamconsulting.fr\/en\/wp-json\/wp\/v2\/users\/1"}],"replies":[{"embeddable":true,"href":"https:\/\/gamconsulting.fr\/en\/wp-json\/wp\/v2\/comments?post=700"}],"version-history":[{"count":6,"href":"https:\/\/gamconsulting.fr\/en\/wp-json\/wp\/v2\/pages\/700\/revisions"}],"predecessor-version":[{"id":233931,"href":"https:\/\/gamconsulting.fr\/en\/wp-json\/wp\/v2\/pages\/700\/revisions\/233931"}],"wp:attachment":[{"href":"https:\/\/gamconsulting.fr\/en\/wp-json\/wp\/v2\/media?parent=700"}],"curies":[{"name":"wp","href":"https:\/\/api.w.org\/{rel}","templated":true}]}}