{"id":705,"date":"2024-10-07T15:50:19","date_gmt":"2024-10-07T15:50:19","guid":{"rendered":"https:\/\/skyblue-yak-324948.hostingersite.com\/?page_id=705"},"modified":"2024-11-27T23:24:02","modified_gmt":"2024-11-27T23:24:02","slug":"projet-le-coin-des-pme","status":"publish","type":"page","link":"https:\/\/gamconsulting.fr\/en\/project-le-coin-des-pme\/","title":{"rendered":"project le coin des pme"},"content":{"rendered":"<p>[et_pb_section fb_built=&#8221;1&#8243; admin_label=&#8221;Header&#8221; _builder_version=&#8221;4.27.2&#8243; _module_preset=&#8221;default&#8221; background_color=&#8221;#000000&#8243; background_image=&#8221;https:\/\/skyblue-yak-324948.hostingersite.com\/wp-content\/uploads\/2024\/11\/online-banking-2.png&#8221; custom_margin=&#8221;3vw|3vw|3vw|3vw|true|true&#8221; custom_padding=&#8221;||10vw||false|false&#8221; background_last_edited=&#8221;on|tablet&#8221; background_mask_aspect_ratio_tablet=&#8221;portrait&#8221; border_radii=&#8221;on|1.5vw|1.5vw|1.5vw|1.5vw&#8221; locked=&#8221;off&#8221; collapsed=&#8221;on&#8221; global_colors_info=&#8221;{%22gcid-095f3017-670a-4d45-bbf8-520034f23a92%22:%91%22background_color_gradient_stops%22%93}&#8221;][et_pb_row _builder_version=&#8221;4.21.0&#8243; _module_preset=&#8221;default&#8221; width=&#8221;90%&#8221; max_width=&#8221;800px&#8221; locked=&#8221;off&#8221; global_colors_info=&#8221;{}&#8221;][et_pb_column type=&#8221;4_4&#8243; _builder_version=&#8221;4.21.0&#8243; _module_preset=&#8221;default&#8221; global_colors_info=&#8221;{}&#8221;][et_pb_text _builder_version=&#8221;4.27.2&#8243; _module_preset=&#8221;12ec52e2-d123-4f5e-94c6-d66485ae403f&#8221; header_4_font=&#8221;DM Sans|700||on|||||&#8221; header_4_text_color=&#8221;gcid-095f3017-670a-4d45-bbf8-520034f23a92&#8243; header_4_letter_spacing=&#8221;0.7em&#8221; content_en_us=&#8221;<\/p>\n<h4 style=%22text-align: center;%22>Sports Performance Analysis Agency<\/h4>\n<p>&#8221; global_colors_info=&#8221;{%22gcid-095f3017-670a-4d45-bbf8-520034f23a92%22:%91%22header_4_text_color%22%93}&#8221;]<\/p>\n<h4 style=\"text-align: center;\">Blog sp\u00e9cialis\u00e9 en comptabilit\u00e9<\/h4>\n<p>[\/et_pb_text][et_pb_text _builder_version=&#8221;4.27.2&#8243; _module_preset=&#8221;d88ec138-60ce-470d-b388-c5a63cf459ab&#8221; header_font=&#8221;&#8211;et_global_heading_font|700|||||||&#8221; header_text_color=&#8221;#FFFFFF&#8221; text_orientation=&#8221;center&#8221; custom_margin=&#8221;||10px||false|false&#8221; global_colors_info=&#8221;{}&#8221;]<\/p>\n<h1>Le coin des PME<\/h1>\n<p>[\/et_pb_text][et_pb_text _builder_version=&#8221;4.27.2&#8243; _module_preset=&#8221;6dd72c8b-96ff-4927-aeb5-008ec3f0ea64&#8243; text_text_color=&#8221;#FFFFFF&#8221; text_orientation=&#8221;center&#8221; content_en_us=&#8221;<\/p>\n<p style=%22text-align: center;%22>This project has been an enriching experience that has enabled me to combine skills in e-commerce web development with an understanding of the specific needs of the sports sector.<\/p>\n<p>&#8221; global_colors_info=&#8221;{}&#8221;]<\/p>\n<p>Ce projet m&#8217;a permis de d\u00e9velopper des comp\u00e9tences avanc\u00e9es en<strong>\u00a0SEO<\/strong> et en strat\u00e9gie de contenu, tout en aidant <strong>Le Coin des PME<\/strong> \u00e0 accro\u00eetre sa visibilit\u00e9 et \u00e0 mieux servir son audience.<\/p>\n<p>[\/et_pb_text][\/et_pb_column][\/et_pb_row][\/et_pb_section][et_pb_section fb_built=&#8221;1&#8243; admin_label=&#8221;Project&#8221; _builder_version=&#8221;4.21.0&#8243; _module_preset=&#8221;default&#8221; collapsed=&#8221;on&#8221; global_colors_info=&#8221;{}&#8221;][et_pb_row _builder_version=&#8221;4.21.0&#8243; _module_preset=&#8221;default&#8221; global_colors_info=&#8221;{}&#8221;][et_pb_column type=&#8221;4_4&#8243; _builder_version=&#8221;4.21.0&#8243; _module_preset=&#8221;default&#8221; global_colors_info=&#8221;{}&#8221;][et_pb_image src=&#8221;https:\/\/skyblue-yak-324948.hostingersite.com\/wp-content\/uploads\/2024\/11\/8.png&#8221; title_text=&#8221;8&#8243; _builder_version=&#8221;4.27.2&#8243; _module_preset=&#8221;default&#8221; hover_enabled=&#8221;0&#8243; border_radii=&#8221;on|10px|10px|10px|10px&#8221; global_colors_info=&#8221;{}&#8221; sticky_enabled=&#8221;0&#8243;][\/et_pb_image][\/et_pb_column][\/et_pb_row][et_pb_row column_structure=&#8221;2_5,3_5&#8243; _builder_version=&#8221;4.21.0&#8243; _module_preset=&#8221;default&#8221; global_colors_info=&#8221;{}&#8221;][et_pb_column type=&#8221;2_5&#8243; _builder_version=&#8221;4.21.0&#8243; _module_preset=&#8221;default&#8221; global_colors_info=&#8221;{}&#8221;][et_pb_text _builder_version=&#8221;4.27.2&#8243; _module_preset=&#8221;bfdde3e7-200a-498b-8322-85d614ae5fff&#8221; header_2_font=&#8221;DM Sans|700|||||||&#8221; custom_margin=&#8221;||10px||false|false&#8221; global_colors_info=&#8221;{}&#8221;]<\/p>\n<h2>Mes contributions<\/h2>\n<p>[\/et_pb_text][\/et_pb_column][et_pb_column type=&#8221;3_5&#8243; _builder_version=&#8221;4.21.0&#8243; _module_preset=&#8221;default&#8221; global_colors_info=&#8221;{}&#8221;][et_pb_text _builder_version=&#8221;4.27.2&#8243; _module_preset=&#8221;6dd72c8b-96ff-4927-aeb5-008ec3f0ea64&#8243; content_en_us=&#8221;<\/p>\n<p><strong>Le Coin des PME<\/strong> is a blog for small and medium-sized enterprises, offering useful advice and information on accounting, taxation and best financial practices. The objective was to optimize the blog&#8217;s structure to attract more organic traffic and position the site as a reference in its field.<\/p>\n<p>&#8221; global_colors_info=&#8221;{}&#8221;]<\/p>\n<p><strong>Le Coin des PME<\/strong> est un blog d\u00e9di\u00e9 aux petites et moyennes entreprises (PME), offrant des conseils pratiques et des informations sur la gestion comptable, la fiscalit\u00e9, et les bonnes pratiques financi\u00e8res. L\u2019objectif \u00e9tait d\u2019optimiser la structure du blog pour attirer davantage de trafic organique et positionner le site comme une r\u00e9f\u00e9rence dans son domaine.<\/p>\n<p>[\/et_pb_text][\/et_pb_column][\/et_pb_row][et_pb_row column_structure=&#8221;3_5,2_5&#8243; _builder_version=&#8221;4.21.0&#8243; _module_preset=&#8221;default&#8221; global_colors_info=&#8221;{}&#8221;][et_pb_column type=&#8221;3_5&#8243; _builder_version=&#8221;4.21.0&#8243; _module_preset=&#8221;default&#8221; global_colors_info=&#8221;{}&#8221;][et_pb_image src=&#8221;https:\/\/skyblue-yak-324948.hostingersite.com\/wp-content\/uploads\/2024\/11\/5.png&#8221; title_text=&#8221;5&#8243; _builder_version=&#8221;4.27.2&#8243; _module_preset=&#8221;default&#8221; hover_enabled=&#8221;0&#8243; border_radii=&#8221;on|10px|10px|10px|10px&#8221; global_colors_info=&#8221;{}&#8221; sticky_enabled=&#8221;0&#8243;][\/et_pb_image][\/et_pb_column][et_pb_column type=&#8221;2_5&#8243; _builder_version=&#8221;4.21.0&#8243; _module_preset=&#8221;default&#8221; global_colors_info=&#8221;{}&#8221;][et_pb_text _builder_version=&#8221;4.27.2&#8243; _module_preset=&#8221;bfdde3e7-200a-498b-8322-85d614ae5fff&#8221; header_2_font=&#8221;DM Sans|700|||||||&#8221; custom_margin=&#8221;||10px||false|false&#8221; content_en_us=&#8221;<\/p>\n<h2 style=%22text-align: right;%22>A successful implementation<\/h2>\n<p>&#8221; global_colors_info=&#8221;{}&#8221;]<\/p>\n<h2 style=\"text-align: right;\">Un exemple concret<\/h2>\n<p>[\/et_pb_text][et_pb_text _builder_version=&#8221;4.27.2&#8243; _module_preset=&#8221;6dd72c8b-96ff-4927-aeb5-008ec3f0ea64&#8243; content_en_us=&#8221;<\/p>\n<p>They wanted to optimize the SEO content of the posts and restructure the pages for a more user-friendly navigation.<\/p>\n<p>I implemented meta-descriptions, reworked URLs and created categories and tags for the various articles.<\/p>\n<p>Thanks to this content strategy and SEO optimizations, <strong>Le Coin des PME<\/strong> saw a<strong> 35% increase in organic traffic<\/strong> in the space of six months.<\/p>\n<p>&#8221; global_colors_info=&#8221;{}&#8221;]<\/p>\n<p>Le blog souhaitait optimiser le contenu SEO des articles ainsi que restructurer les pages pour une navigation plus user-friendly.<\/p>\n<p>J&#8217;ai donc mis en place les m\u00e9ta-descriptions, retravaill\u00e9 les URL ainsi que cr\u00e9\u00e9 des cat\u00e9gories et tag pour les diff\u00e9rents articles.<\/p>\n<p>Gr\u00e2ce \u00e0 cette strat\u00e9gie de contenu et aux optimisations SEO, <strong>Le Coin des PME<\/strong> a observ\u00e9 une augmentation de <strong>35% du trafic organique<\/strong> en l\u2019espace de six mois.<\/p>\n<p>[\/et_pb_text][\/et_pb_column][\/et_pb_row][\/et_pb_section]<\/p>\n","protected":false},"excerpt":{"rendered":"<p>Blog sp\u00e9cialis\u00e9 en comptabilit\u00e9Le coin des PMECe projet m&#8217;a permis de d\u00e9velopper des comp\u00e9tences avanc\u00e9es en\u00a0SEO et en strat\u00e9gie de contenu, tout en aidant Le Coin des PME \u00e0 accro\u00eetre sa visibilit\u00e9 et \u00e0 mieux servir son audience.Mes contributionsLe Coin des PME est un blog d\u00e9di\u00e9 aux petites et moyennes entreprises (PME), offrant des conseils [&hellip;]<\/p>\n","protected":false},"author":1,"featured_media":0,"parent":0,"menu_order":0,"comment_status":"closed","ping_status":"closed","template":"","meta":{"_et_pb_use_builder":"on","_et_pb_old_content":"","_et_gb_content_width":"","footnotes":""},"class_list":["post-705","page","type-page","status-publish","hentry"],"yoast_head":"<!-- This site is optimized with the Yoast SEO plugin v27.4 - https:\/\/yoast.com\/product\/yoast-seo-wordpress\/ -->\n<title>project le coin des pme<\/title>\n<meta name=\"robots\" content=\"index, follow, max-snippet:-1, max-image-preview:large, max-video-preview:-1\" \/>\n<meta property=\"og:locale\" content=\"en_US\" \/>\n<meta property=\"og:type\" content=\"article\" \/>\n<meta property=\"og:title\" content=\"project le coin des pme\" \/>\n<meta property=\"og:url\" content=\"https:\/\/gamconsulting.fr\/en\/project-le-coin-des-pme\/\" \/>\n<meta property=\"og:site_name\" content=\"Consultante digitale\" \/>\n<meta property=\"article:modified_time\" content=\"2024-11-27T23:24:02+00:00\" \/>\n<meta property=\"og:image\" content=\"https:\/\/gamconsulting.fr\/wp-content\/uploads\/2024\/11\/302_1x_shots_so.png\" \/>\n\t<meta property=\"og:image:width\" content=\"1080\" \/>\n\t<meta property=\"og:image:height\" content=\"1080\" \/>\n\t<meta property=\"og:image:type\" content=\"image\/png\" \/>\n<meta name=\"twitter:card\" content=\"summary_large_image\" \/>\n<script type=\"application\/ld+json\" class=\"yoast-schema-graph\">{\"@context\":\"https:\\\/\\\/schema.org\",\"@graph\":[{\"@type\":\"WebPage\",\"@id\":\"https:\\\/\\\/gamconsulting.fr\\\/en\\\/project-le-coin-des-pme\\\/\",\"url\":\"https:\\\/\\\/gamconsulting.fr\\\/en\\\/project-le-coin-des-pme\\\/\",\"name\":\"Projet le coin des pme - Consultante digitale\",\"isPartOf\":{\"@id\":\"https:\\\/\\\/gamconsulting.fr\\\/#website\"},\"datePublished\":\"2024-10-07T15:50:19+00:00\",\"dateModified\":\"2024-11-27T23:24:02+00:00\",\"breadcrumb\":{\"@id\":\"https:\\\/\\\/gamconsulting.fr\\\/en\\\/project-le-coin-des-pme\\\/#breadcrumb\"},\"inLanguage\":\"en-US\",\"potentialAction\":[{\"@type\":\"ReadAction\",\"target\":[\"https:\\\/\\\/gamconsulting.fr\\\/en\\\/project-le-coin-des-pme\\\/\"]}]},{\"@type\":\"BreadcrumbList\",\"@id\":\"https:\\\/\\\/gamconsulting.fr\\\/en\\\/project-le-coin-des-pme\\\/#breadcrumb\",\"itemListElement\":[{\"@type\":\"ListItem\",\"position\":1,\"name\":\"Consultante en transformation digitale\",\"item\":\"https:\\\/\\\/gamconsulting.fr\\\/\"},{\"@type\":\"ListItem\",\"position\":2,\"name\":\"project le coin des pme\"}]},{\"@type\":\"WebSite\",\"@id\":\"https:\\\/\\\/gamconsulting.fr\\\/en\\\/#website\",\"url\":\"https:\\\/\\\/gamconsulting.fr\\\/en\\\/\",\"name\":\"Consultante Digitale Myriem GRICHE\",\"description\":\"Cr\u00e9ation de site web - SEO - Publicit\u00e9 en ligne - SMM\",\"publisher\":{\"@id\":\"https:\\\/\\\/gamconsulting.fr\\\/en\\\/#\\\/schema\\\/person\\\/70371edf2114e508025497cb3636e02d\"},\"alternateName\":\"Myriem GRICHE\",\"potentialAction\":[{\"@type\":\"SearchAction\",\"target\":{\"@type\":\"EntryPoint\",\"urlTemplate\":\"https:\\\/\\\/gamconsulting.fr\\\/en\\\/?s={search_term_string}\"},\"query-input\":{\"@type\":\"PropertyValueSpecification\",\"valueRequired\":true,\"valueName\":\"search_term_string\"}}],\"inLanguage\":\"en-US\"},{\"@type\":[\"Person\",\"Organization\"],\"@id\":\"https:\\\/\\\/gamconsulting.fr\\\/en\\\/#\\\/schema\\\/person\\\/70371edf2114e508025497cb3636e02d\",\"name\":\"mymy\",\"image\":{\"@type\":\"ImageObject\",\"inLanguage\":\"en-US\",\"@id\":\"https:\\\/\\\/skyblue-yak-324948.hostingersite.com\\\/wp-content\\\/uploads\\\/2024\\\/11\\\/Design-sans-titre-2.png\",\"url\":\"https:\\\/\\\/skyblue-yak-324948.hostingersite.com\\\/wp-content\\\/uploads\\\/2024\\\/11\\\/Design-sans-titre-2.png\",\"contentUrl\":\"https:\\\/\\\/skyblue-yak-324948.hostingersite.com\\\/wp-content\\\/uploads\\\/2024\\\/11\\\/Design-sans-titre-2.png\",\"width\":500,\"height\":600,\"caption\":\"mymy\"},\"logo\":{\"@id\":\"https:\\\/\\\/skyblue-yak-324948.hostingersite.com\\\/wp-content\\\/uploads\\\/2024\\\/11\\\/Design-sans-titre-2.png\"},\"sameAs\":[\"https:\\\/\\\/skyblue-yak-324948.hostingersite.com\"]}]}<\/script>\n<!-- \/ Yoast SEO plugin. -->","yoast_head_json":{"title":"project le coin des pme","robots":{"index":"index","follow":"follow","max-snippet":"max-snippet:-1","max-image-preview":"max-image-preview:large","max-video-preview":"max-video-preview:-1"},"og_locale":"en_US","og_type":"article","og_title":"project le coin des pme","og_url":"https:\/\/gamconsulting.fr\/en\/project-le-coin-des-pme\/","og_site_name":"Consultante digitale","article_modified_time":"2024-11-27T23:24:02+00:00","og_image":[{"width":1080,"height":1080,"url":"https:\/\/gamconsulting.fr\/wp-content\/uploads\/2024\/11\/302_1x_shots_so.png","type":"image\/png"}],"twitter_card":"summary_large_image","schema":{"@context":"https:\/\/schema.org","@graph":[{"@type":"WebPage","@id":"https:\/\/gamconsulting.fr\/en\/project-le-coin-des-pme\/","url":"https:\/\/gamconsulting.fr\/en\/project-le-coin-des-pme\/","name":"Projet le coin des pme - Consultante digitale","isPartOf":{"@id":"https:\/\/gamconsulting.fr\/#website"},"datePublished":"2024-10-07T15:50:19+00:00","dateModified":"2024-11-27T23:24:02+00:00","breadcrumb":{"@id":"https:\/\/gamconsulting.fr\/en\/project-le-coin-des-pme\/#breadcrumb"},"inLanguage":"en-US","potentialAction":[{"@type":"ReadAction","target":["https:\/\/gamconsulting.fr\/en\/project-le-coin-des-pme\/"]}]},{"@type":"BreadcrumbList","@id":"https:\/\/gamconsulting.fr\/en\/project-le-coin-des-pme\/#breadcrumb","itemListElement":[{"@type":"ListItem","position":1,"name":"Consultante en transformation digitale","item":"https:\/\/gamconsulting.fr\/"},{"@type":"ListItem","position":2,"name":"project le coin des pme"}]},{"@type":"WebSite","@id":"https:\/\/gamconsulting.fr\/en\/#website","url":"https:\/\/gamconsulting.fr\/en\/","name":"Consultante Digitale Myriem GRICHE","description":"Cr\u00e9ation de site web - SEO - Publicit\u00e9 en ligne - SMM","publisher":{"@id":"https:\/\/gamconsulting.fr\/en\/#\/schema\/person\/70371edf2114e508025497cb3636e02d"},"alternateName":"Myriem GRICHE","potentialAction":[{"@type":"SearchAction","target":{"@type":"EntryPoint","urlTemplate":"https:\/\/gamconsulting.fr\/en\/?s={search_term_string}"},"query-input":{"@type":"PropertyValueSpecification","valueRequired":true,"valueName":"search_term_string"}}],"inLanguage":"en-US"},{"@type":["Person","Organization"],"@id":"https:\/\/gamconsulting.fr\/en\/#\/schema\/person\/70371edf2114e508025497cb3636e02d","name":"mymy","image":{"@type":"ImageObject","inLanguage":"en-US","@id":"https:\/\/skyblue-yak-324948.hostingersite.com\/wp-content\/uploads\/2024\/11\/Design-sans-titre-2.png","url":"https:\/\/skyblue-yak-324948.hostingersite.com\/wp-content\/uploads\/2024\/11\/Design-sans-titre-2.png","contentUrl":"https:\/\/skyblue-yak-324948.hostingersite.com\/wp-content\/uploads\/2024\/11\/Design-sans-titre-2.png","width":500,"height":600,"caption":"mymy"},"logo":{"@id":"https:\/\/skyblue-yak-324948.hostingersite.com\/wp-content\/uploads\/2024\/11\/Design-sans-titre-2.png"},"sameAs":["https:\/\/skyblue-yak-324948.hostingersite.com"]}]}},"_links":{"self":[{"href":"https:\/\/gamconsulting.fr\/en\/wp-json\/wp\/v2\/pages\/705","targetHints":{"allow":["GET"]}}],"collection":[{"href":"https:\/\/gamconsulting.fr\/en\/wp-json\/wp\/v2\/pages"}],"about":[{"href":"https:\/\/gamconsulting.fr\/en\/wp-json\/wp\/v2\/types\/page"}],"author":[{"embeddable":true,"href":"https:\/\/gamconsulting.fr\/en\/wp-json\/wp\/v2\/users\/1"}],"replies":[{"embeddable":true,"href":"https:\/\/gamconsulting.fr\/en\/wp-json\/wp\/v2\/comments?post=705"}],"version-history":[{"count":5,"href":"https:\/\/gamconsulting.fr\/en\/wp-json\/wp\/v2\/pages\/705\/revisions"}],"predecessor-version":[{"id":233932,"href":"https:\/\/gamconsulting.fr\/en\/wp-json\/wp\/v2\/pages\/705\/revisions\/233932"}],"wp:attachment":[{"href":"https:\/\/gamconsulting.fr\/en\/wp-json\/wp\/v2\/media?parent=705"}],"curies":[{"name":"wp","href":"https:\/\/api.w.org\/{rel}","templated":true}]}}