{"id":744,"date":"2024-10-07T17:55:20","date_gmt":"2024-10-07T17:55:20","guid":{"rendered":"https:\/\/skyblue-yak-324948.hostingersite.com\/?page_id=744"},"modified":"2024-11-27T23:25:04","modified_gmt":"2024-11-27T23:25:04","slug":"projet-juline-armand","status":"publish","type":"page","link":"https:\/\/gamconsulting.fr\/en\/project-juline-armand\/","title":{"rendered":"project juline armand"},"content":{"rendered":"<p>[et_pb_section fb_built=&#8221;1&#8243; admin_label=&#8221;Header&#8221; _builder_version=&#8221;4.27.2&#8243; _module_preset=&#8221;default&#8221; background_color=&#8221;#000000&#8243; background_image=&#8221;https:\/\/skyblue-yak-324948.hostingersite.com\/wp-content\/uploads\/2024\/11\/online-banking-2.png&#8221; custom_margin=&#8221;3vw|3vw|3vw|3vw|true|true&#8221; custom_padding=&#8221;||10vw||false|false&#8221; background_last_edited=&#8221;on|tablet&#8221; background_mask_aspect_ratio_tablet=&#8221;portrait&#8221; border_radii=&#8221;on|1.5vw|1.5vw|1.5vw|1.5vw&#8221; locked=&#8221;off&#8221; collapsed=&#8221;on&#8221; global_colors_info=&#8221;{%22gcid-095f3017-670a-4d45-bbf8-520034f23a92%22:%91%22background_color_gradient_stops%22%93}&#8221;][et_pb_row _builder_version=&#8221;4.21.0&#8243; _module_preset=&#8221;default&#8221; width=&#8221;90%&#8221; max_width=&#8221;800px&#8221; locked=&#8221;off&#8221; global_colors_info=&#8221;{}&#8221;][et_pb_column type=&#8221;4_4&#8243; _builder_version=&#8221;4.21.0&#8243; _module_preset=&#8221;default&#8221; global_colors_info=&#8221;{}&#8221;][et_pb_text _builder_version=&#8221;4.27.2&#8243; _module_preset=&#8221;12ec52e2-d123-4f5e-94c6-d66485ae403f&#8221; header_4_font=&#8221;DM Sans|700||on|||||&#8221; header_4_text_color=&#8221;gcid-095f3017-670a-4d45-bbf8-520034f23a92&#8243; header_4_letter_spacing=&#8221;0.7em&#8221; content_en_us=&#8221;<\/p>\n<h4 style=%22text-align: center;%22>Sports Performance Analysis Agency<\/h4>\n<p>&#8221; global_colors_info=&#8221;{%22gcid-095f3017-670a-4d45-bbf8-520034f23a92%22:%91%22header_4_text_color%22%93}&#8221;]<\/p>\n<h4 style=\"text-align: center;\">Photographe<\/h4>\n<p>[\/et_pb_text][et_pb_text _builder_version=&#8221;4.27.2&#8243; _module_preset=&#8221;d88ec138-60ce-470d-b388-c5a63cf459ab&#8221; header_font=&#8221;&#8211;et_global_heading_font|700|||||||&#8221; header_text_color=&#8221;#FFFFFF&#8221; text_orientation=&#8221;center&#8221; custom_margin=&#8221;||10px||false|false&#8221; global_colors_info=&#8221;{}&#8221;]<\/p>\n<h1>Juline Armand<\/h1>\n<p>[\/et_pb_text][et_pb_text _builder_version=&#8221;4.27.2&#8243; _module_preset=&#8221;6dd72c8b-96ff-4927-aeb5-008ec3f0ea64&#8243; text_text_color=&#8221;#FFFFFF&#8221; text_orientation=&#8221;center&#8221; content_en_us=&#8221;<\/p>\n<p style=%22text-align: center;%22>This project has been an enriching experience that has enabled me to combine skills in e-commerce web development with an understanding of the specific needs of the sports sector.<\/p>\n<p>&#8221; global_colors_info=&#8221;{}&#8221;]<\/p>\n<p>Ce projet a \u00e9t\u00e9 une excellente opportunit\u00e9 d\u2019allier mes comp\u00e9tences techniques en d\u00e9veloppement web avec l&#8217;univers cr\u00e9atif de Juline Armand. Gr\u00e2ce \u00e0 cette plateforme, elle a pu offrir \u00e0 ses clients une exp\u00e9rience unique.<\/p>\n<p>[\/et_pb_text][\/et_pb_column][\/et_pb_row][\/et_pb_section][et_pb_section fb_built=&#8221;1&#8243; admin_label=&#8221;Project&#8221; _builder_version=&#8221;4.21.0&#8243; _module_preset=&#8221;default&#8221; collapsed=&#8221;on&#8221; global_colors_info=&#8221;{}&#8221;][et_pb_row _builder_version=&#8221;4.21.0&#8243; _module_preset=&#8221;default&#8221; global_colors_info=&#8221;{}&#8221;][et_pb_column type=&#8221;4_4&#8243; _builder_version=&#8221;4.21.0&#8243; _module_preset=&#8221;default&#8221; global_colors_info=&#8221;{}&#8221;][et_pb_image src=&#8221;https:\/\/skyblue-yak-324948.hostingersite.com\/wp-content\/uploads\/2024\/11\/4-1.png&#8221; title_text=&#8221;4&#8243; _builder_version=&#8221;4.27.2&#8243; _module_preset=&#8221;default&#8221; hover_enabled=&#8221;0&#8243; border_radii=&#8221;on|10px|10px|10px|10px&#8221; global_colors_info=&#8221;{}&#8221; sticky_enabled=&#8221;0&#8243;][\/et_pb_image][\/et_pb_column][\/et_pb_row][et_pb_row column_structure=&#8221;2_5,3_5&#8243; _builder_version=&#8221;4.21.0&#8243; _module_preset=&#8221;default&#8221; global_colors_info=&#8221;{}&#8221;][et_pb_column type=&#8221;2_5&#8243; _builder_version=&#8221;4.21.0&#8243; _module_preset=&#8221;default&#8221; global_colors_info=&#8221;{}&#8221;][et_pb_text _builder_version=&#8221;4.27.2&#8243; _module_preset=&#8221;bfdde3e7-200a-498b-8322-85d614ae5fff&#8221; header_2_font=&#8221;DM Sans|700|||||||&#8221; custom_margin=&#8221;||10px||false|false&#8221; content_en_us=&#8221;<\/p>\n<h2 style=%22text-align: left;%22>My contributions<\/h2>\n<p>&#8221; global_colors_info=&#8221;{}&#8221;]<\/p>\n<h2>Mes contributions<\/h2>\n<p>[\/et_pb_text][\/et_pb_column][et_pb_column type=&#8221;3_5&#8243; _builder_version=&#8221;4.21.0&#8243; _module_preset=&#8221;default&#8221; global_colors_info=&#8221;{}&#8221;][et_pb_text _builder_version=&#8221;4.27.2&#8243; _module_preset=&#8221;6dd72c8b-96ff-4927-aeb5-008ec3f0ea64&#8243; content_en_us=&#8221;<\/p>\n<p><strong>Juline Armand<\/strong> is a photographer specializing in personalized photo shoots for events such as weddings, portraits, and smash cake shoots. She wanted a professional website that not only reflected her creative style, but also enabled her customers to view and select their photos via a secure personal account.<\/p>\n<p>&#8221; global_colors_info=&#8221;{}&#8221;]<\/p>\n<p><strong>Juline Armand<\/strong> est une photographe sp\u00e9cialis\u00e9e dans les s\u00e9ances photos personnalis\u00e9es pour des \u00e9v\u00e9nements tels que les mariages, les portraits, et les shootings de smash cake pour b\u00e9b\u00e9. Elle souhaitait disposer d\u2019un site web professionnel qui non seulement refl\u00e8te son style cr\u00e9atif, mais qui permette \u00e9galement \u00e0 ses clients de consulter et de s\u00e9lectionner leurs photos via un espace personnel s\u00e9curis\u00e9.<\/p>\n<p>[\/et_pb_text][\/et_pb_column][\/et_pb_row][et_pb_row _builder_version=&#8221;4.21.0&#8243; _module_preset=&#8221;default&#8221; global_colors_info=&#8221;{}&#8221;][et_pb_column type=&#8221;4_4&#8243; _builder_version=&#8221;4.21.0&#8243; _module_preset=&#8221;default&#8221; global_colors_info=&#8221;{}&#8221;][et_pb_text _builder_version=&#8221;4.27.2&#8243; _module_preset=&#8221;bfdde3e7-200a-498b-8322-85d614ae5fff&#8221; header_2_font=&#8221;DM Sans|700|||||||&#8221; custom_margin=&#8221;||10px||false|false&#8221; content_en_us=&#8221;<\/p>\n<h2 style=%22text-align: right;%22>A successful implementation<\/h2>\n<p>&#8221; global_colors_info=&#8221;{}&#8221;]<\/p>\n<h2 style=\"text-align: right;\">Un exemple concret<\/h2>\n<p>[\/et_pb_text][et_pb_text _builder_version=&#8221;4.27.2&#8243; _module_preset=&#8221;6dd72c8b-96ff-4927-aeb5-008ec3f0ea64&#8243; content_en_us=&#8221;<\/p>\n<p>Before the revamp of her website, Juline made her customers&#8217; photos available on a Google drive space, after which her customers had to delete the ones they didn&#8217;t want to keep, and then write to her to let her know of their choice.<\/p>\n<p>So I suggested that she could create a secure space directly from her website, into which she could easily import her customers&#8217; shootings, and they would only have to tick off the ones they wished to keep. Thanks to an automated process, customers receive an e-mail when the photos are ready for selection, and Juline is notified when the customer has made their choice.<\/p>\n<p>&#8221; global_colors_info=&#8221;{}&#8221;]<\/p>\n<p>Avant la refonte de son site, Juline mettait \u00e0 disposition les photos de ses clients sur un espace Google drive, par la suite ses clients devaient supprimer celles qu&#8217;ils ne souhaitent pas garder, puis lui \u00e9crire afin de la prevenir de leur choix.<\/p>\n<p>Je lui ai donc proposer de cr\u00e9er un espace s\u00e9curis\u00e9 directement depuis son site web, dans lequel elle pourra importer facilement les shootings de ses clients, ils n&#8217;auront qu&#8217;a cocher celles qu&#8217;ils souhaitent garder. Gr\u00e2ce \u00e0 une automatisation du process, les clients recoivent un mail lorsque les photos sont pr\u00eates \u00e0 la s\u00e9lection, et Juline est pr\u00e9venu lorsque le client \u00e0 fait son choix.<\/p>\n<p>[\/et_pb_text][\/et_pb_column][\/et_pb_row][\/et_pb_section]<\/p>\n","protected":false},"excerpt":{"rendered":"<p>PhotographeJuline ArmandCe projet a \u00e9t\u00e9 une excellente opportunit\u00e9 d\u2019allier mes comp\u00e9tences techniques en d\u00e9veloppement web avec l&#8217;univers cr\u00e9atif de Juline Armand. Gr\u00e2ce \u00e0 cette plateforme, elle a pu offrir \u00e0 ses clients une exp\u00e9rience unique.Mes contributionsJuline Armand est une photographe sp\u00e9cialis\u00e9e dans les s\u00e9ances photos personnalis\u00e9es pour des \u00e9v\u00e9nements tels que les mariages, les portraits, [&hellip;]<\/p>\n","protected":false},"author":1,"featured_media":0,"parent":0,"menu_order":0,"comment_status":"closed","ping_status":"closed","template":"","meta":{"_et_pb_use_builder":"on","_et_pb_old_content":"","_et_gb_content_width":"","footnotes":""},"class_list":["post-744","page","type-page","status-publish","hentry"],"yoast_head":"<!-- This site is optimized with the Yoast SEO plugin v27.4 - https:\/\/yoast.com\/product\/yoast-seo-wordpress\/ -->\n<title>project juline armand<\/title>\n<meta name=\"robots\" content=\"index, follow, max-snippet:-1, max-image-preview:large, max-video-preview:-1\" \/>\n<meta property=\"og:locale\" content=\"en_US\" \/>\n<meta property=\"og:type\" content=\"article\" \/>\n<meta property=\"og:title\" content=\"project juline armand\" \/>\n<meta property=\"og:url\" content=\"https:\/\/gamconsulting.fr\/en\/project-juline-armand\/\" \/>\n<meta property=\"og:site_name\" content=\"Consultante digitale\" \/>\n<meta property=\"article:modified_time\" content=\"2024-11-27T23:25:04+00:00\" \/>\n<meta property=\"og:image\" content=\"https:\/\/gamconsulting.fr\/wp-content\/uploads\/2024\/11\/302_1x_shots_so.png\" \/>\n\t<meta property=\"og:image:width\" content=\"1080\" \/>\n\t<meta property=\"og:image:height\" content=\"1080\" \/>\n\t<meta property=\"og:image:type\" content=\"image\/png\" \/>\n<meta name=\"twitter:card\" content=\"summary_large_image\" \/>\n<script type=\"application\/ld+json\" class=\"yoast-schema-graph\">{\"@context\":\"https:\\\/\\\/schema.org\",\"@graph\":[{\"@type\":\"WebPage\",\"@id\":\"https:\\\/\\\/gamconsulting.fr\\\/en\\\/project-juline-armand\\\/\",\"url\":\"https:\\\/\\\/gamconsulting.fr\\\/en\\\/project-juline-armand\\\/\",\"name\":\"projet juline armand - Consultante digitale\",\"isPartOf\":{\"@id\":\"https:\\\/\\\/gamconsulting.fr\\\/#website\"},\"datePublished\":\"2024-10-07T17:55:20+00:00\",\"dateModified\":\"2024-11-27T23:25:04+00:00\",\"breadcrumb\":{\"@id\":\"https:\\\/\\\/gamconsulting.fr\\\/en\\\/project-juline-armand\\\/#breadcrumb\"},\"inLanguage\":\"en-US\",\"potentialAction\":[{\"@type\":\"ReadAction\",\"target\":[\"https:\\\/\\\/gamconsulting.fr\\\/en\\\/project-juline-armand\\\/\"]}]},{\"@type\":\"BreadcrumbList\",\"@id\":\"https:\\\/\\\/gamconsulting.fr\\\/en\\\/project-juline-armand\\\/#breadcrumb\",\"itemListElement\":[{\"@type\":\"ListItem\",\"position\":1,\"name\":\"Consultante en transformation digitale\",\"item\":\"https:\\\/\\\/gamconsulting.fr\\\/\"},{\"@type\":\"ListItem\",\"position\":2,\"name\":\"project juline armand\"}]},{\"@type\":\"WebSite\",\"@id\":\"https:\\\/\\\/gamconsulting.fr\\\/en\\\/#website\",\"url\":\"https:\\\/\\\/gamconsulting.fr\\\/en\\\/\",\"name\":\"Consultante Digitale Myriem GRICHE\",\"description\":\"Cr\u00e9ation de site web - SEO - Publicit\u00e9 en ligne - SMM\",\"publisher\":{\"@id\":\"https:\\\/\\\/gamconsulting.fr\\\/en\\\/#\\\/schema\\\/person\\\/70371edf2114e508025497cb3636e02d\"},\"alternateName\":\"Myriem GRICHE\",\"potentialAction\":[{\"@type\":\"SearchAction\",\"target\":{\"@type\":\"EntryPoint\",\"urlTemplate\":\"https:\\\/\\\/gamconsulting.fr\\\/en\\\/?s={search_term_string}\"},\"query-input\":{\"@type\":\"PropertyValueSpecification\",\"valueRequired\":true,\"valueName\":\"search_term_string\"}}],\"inLanguage\":\"en-US\"},{\"@type\":[\"Person\",\"Organization\"],\"@id\":\"https:\\\/\\\/gamconsulting.fr\\\/en\\\/#\\\/schema\\\/person\\\/70371edf2114e508025497cb3636e02d\",\"name\":\"mymy\",\"image\":{\"@type\":\"ImageObject\",\"inLanguage\":\"en-US\",\"@id\":\"https:\\\/\\\/skyblue-yak-324948.hostingersite.com\\\/wp-content\\\/uploads\\\/2024\\\/11\\\/Design-sans-titre-2.png\",\"url\":\"https:\\\/\\\/skyblue-yak-324948.hostingersite.com\\\/wp-content\\\/uploads\\\/2024\\\/11\\\/Design-sans-titre-2.png\",\"contentUrl\":\"https:\\\/\\\/skyblue-yak-324948.hostingersite.com\\\/wp-content\\\/uploads\\\/2024\\\/11\\\/Design-sans-titre-2.png\",\"width\":500,\"height\":600,\"caption\":\"mymy\"},\"logo\":{\"@id\":\"https:\\\/\\\/skyblue-yak-324948.hostingersite.com\\\/wp-content\\\/uploads\\\/2024\\\/11\\\/Design-sans-titre-2.png\"},\"sameAs\":[\"https:\\\/\\\/skyblue-yak-324948.hostingersite.com\"]}]}<\/script>\n<!-- \/ Yoast SEO plugin. -->","yoast_head_json":{"title":"project juline armand","robots":{"index":"index","follow":"follow","max-snippet":"max-snippet:-1","max-image-preview":"max-image-preview:large","max-video-preview":"max-video-preview:-1"},"og_locale":"en_US","og_type":"article","og_title":"project juline armand","og_url":"https:\/\/gamconsulting.fr\/en\/project-juline-armand\/","og_site_name":"Consultante digitale","article_modified_time":"2024-11-27T23:25:04+00:00","og_image":[{"width":1080,"height":1080,"url":"https:\/\/gamconsulting.fr\/wp-content\/uploads\/2024\/11\/302_1x_shots_so.png","type":"image\/png"}],"twitter_card":"summary_large_image","schema":{"@context":"https:\/\/schema.org","@graph":[{"@type":"WebPage","@id":"https:\/\/gamconsulting.fr\/en\/project-juline-armand\/","url":"https:\/\/gamconsulting.fr\/en\/project-juline-armand\/","name":"projet juline armand - Consultante digitale","isPartOf":{"@id":"https:\/\/gamconsulting.fr\/#website"},"datePublished":"2024-10-07T17:55:20+00:00","dateModified":"2024-11-27T23:25:04+00:00","breadcrumb":{"@id":"https:\/\/gamconsulting.fr\/en\/project-juline-armand\/#breadcrumb"},"inLanguage":"en-US","potentialAction":[{"@type":"ReadAction","target":["https:\/\/gamconsulting.fr\/en\/project-juline-armand\/"]}]},{"@type":"BreadcrumbList","@id":"https:\/\/gamconsulting.fr\/en\/project-juline-armand\/#breadcrumb","itemListElement":[{"@type":"ListItem","position":1,"name":"Consultante en transformation digitale","item":"https:\/\/gamconsulting.fr\/"},{"@type":"ListItem","position":2,"name":"project juline armand"}]},{"@type":"WebSite","@id":"https:\/\/gamconsulting.fr\/en\/#website","url":"https:\/\/gamconsulting.fr\/en\/","name":"Consultante Digitale Myriem GRICHE","description":"Cr\u00e9ation de site web - SEO - Publicit\u00e9 en ligne - SMM","publisher":{"@id":"https:\/\/gamconsulting.fr\/en\/#\/schema\/person\/70371edf2114e508025497cb3636e02d"},"alternateName":"Myriem GRICHE","potentialAction":[{"@type":"SearchAction","target":{"@type":"EntryPoint","urlTemplate":"https:\/\/gamconsulting.fr\/en\/?s={search_term_string}"},"query-input":{"@type":"PropertyValueSpecification","valueRequired":true,"valueName":"search_term_string"}}],"inLanguage":"en-US"},{"@type":["Person","Organization"],"@id":"https:\/\/gamconsulting.fr\/en\/#\/schema\/person\/70371edf2114e508025497cb3636e02d","name":"mymy","image":{"@type":"ImageObject","inLanguage":"en-US","@id":"https:\/\/skyblue-yak-324948.hostingersite.com\/wp-content\/uploads\/2024\/11\/Design-sans-titre-2.png","url":"https:\/\/skyblue-yak-324948.hostingersite.com\/wp-content\/uploads\/2024\/11\/Design-sans-titre-2.png","contentUrl":"https:\/\/skyblue-yak-324948.hostingersite.com\/wp-content\/uploads\/2024\/11\/Design-sans-titre-2.png","width":500,"height":600,"caption":"mymy"},"logo":{"@id":"https:\/\/skyblue-yak-324948.hostingersite.com\/wp-content\/uploads\/2024\/11\/Design-sans-titre-2.png"},"sameAs":["https:\/\/skyblue-yak-324948.hostingersite.com"]}]}},"_links":{"self":[{"href":"https:\/\/gamconsulting.fr\/en\/wp-json\/wp\/v2\/pages\/744","targetHints":{"allow":["GET"]}}],"collection":[{"href":"https:\/\/gamconsulting.fr\/en\/wp-json\/wp\/v2\/pages"}],"about":[{"href":"https:\/\/gamconsulting.fr\/en\/wp-json\/wp\/v2\/types\/page"}],"author":[{"embeddable":true,"href":"https:\/\/gamconsulting.fr\/en\/wp-json\/wp\/v2\/users\/1"}],"replies":[{"embeddable":true,"href":"https:\/\/gamconsulting.fr\/en\/wp-json\/wp\/v2\/comments?post=744"}],"version-history":[{"count":5,"href":"https:\/\/gamconsulting.fr\/en\/wp-json\/wp\/v2\/pages\/744\/revisions"}],"predecessor-version":[{"id":233938,"href":"https:\/\/gamconsulting.fr\/en\/wp-json\/wp\/v2\/pages\/744\/revisions\/233938"}],"wp:attachment":[{"href":"https:\/\/gamconsulting.fr\/en\/wp-json\/wp\/v2\/media?parent=744"}],"curies":[{"name":"wp","href":"https:\/\/api.w.org\/{rel}","templated":true}]}}